{"id":861,"date":"2018-01-07T13:26:12","date_gmt":"2018-01-07T13:26:12","guid":{"rendered":"http:\/\/www.ladespensaazul.es\/?page_id=861"},"modified":"2018-01-07T13:26:12","modified_gmt":"2018-01-07T13:26:12","slug":"politica-uso-cookies","status":"publish","type":"page","link":"https:\/\/www.ladespensaazul.es\/index.php\/politica-uso-cookies\/","title":{"rendered":"POLITICA DE USO DE COOKIES"},"content":{"rendered":"<h4><strong>Uso<\/strong><b>\u00a0de cookies <\/b><\/h4>\n<p><span style=\"font-weight: 400;\">En nuestra web utilizamos cookies propias y de empresas colaboradoras para personalizar tu experiencia de usuario y ofrecerte los mejores servicios.<\/span><\/p>\n<p><span style=\"font-weight: 400;\">Al visitar nuestro sitio web, estar\u00e1s aceptando el uso de las cookies en el presente documento. Estas condiciones pueden cambiar peri\u00f3dicamente, por lo que te invitamos a revisarlas de forma regular.<\/span><\/p>\n<p><b>Nota importante<\/b><span style=\"font-weight: 400;\">: las cookies que catalogamos como\u00a0<\/span><b>propias<\/b><span style=\"font-weight: 400;\">\u00a0son imprescindibles para poder navegar con normalidad por nuestros sites.<\/span><\/p>\n<h4><span style=\"font-weight: 400;\">\u00bfQu\u00e9<\/span><b>\u00a0son las cookies?<\/b><\/h4>\n<p><span style=\"font-weight: 400;\">Son peque\u00f1os ficheros de datos que el servidor de Internet env\u00eda al dispositivo con el que te conectas a nuestras webs y que son archivados por \u00e9ste. Se asocian \u00fanicamente a tu navegador y no proporcionan por s\u00ed mismas datos personales. Las cookies no pueden da\u00f1ar tu dispositivo y adem\u00e1s son muy \u00fatiles, ya que nos ayudan a identificar y resolver errores.<\/span><\/p>\n<p><span style=\"font-weight: 400;\">Si quieres m\u00e1s informaci\u00f3n sobre su funcionamiento, te recomendamos visitar\u00a0<\/span><a href=\"http:\/\/www.allaboutcookies.org\/es\/\"><span style=\"font-weight: 400;\">http:\/\/www.allaboutcookies.org\/<\/span><\/a><span style=\"font-weight: 400;\">\u00a0y\u00a0<\/span><a href=\"http:\/\/www.youronlinechoices.com\/es\/\"><span style=\"font-weight: 400;\">www.youronlinechoices.eu<\/span><\/a><span style=\"font-weight: 400;\">.<\/span><\/p>\n<h4><span style=\"font-weight: 400;\">\u00bfPara<\/span><b>\u00a0qu\u00e9 usamos las cookies en La Despensa Azul?<\/b><\/h4>\n<p><span style=\"font-weight: 400;\">La <strong>Despensa azul<\/strong> usa cookies para:<\/span><\/p>\n<ul>\n<li style=\"font-weight: 400;\"><span style=\"font-weight: 400;\">Asegurar que las p\u00e1ginas web funcionan correctamente.<\/span><\/li>\n<li style=\"font-weight: 400;\"><span style=\"font-weight: 400;\">Almacenar tus preferencias, tu idioma o el tama\u00f1o de letra que has seleccionado.<\/span><\/li>\n<li style=\"font-weight: 400;\"><span style=\"font-weight: 400;\">Analizar tu experiencia de navegaci\u00f3n y mostrarte contenidos personalizados.<\/span><\/li>\n<li style=\"font-weight: 400;\"><span style=\"font-weight: 400;\">Recopilar informaci\u00f3n estad\u00edstica an\u00f3nima, como qu\u00e9 p\u00e1ginas has visitado, o cu\u00e1nto tiempo has permanecido en ellas.<\/span><\/li>\n<\/ul>\n<h4><span style=\"font-weight: 400;\">\u00bfQu\u00e9<\/span><b>\u00a0tipos de cookies utiliza nuestra web?<\/b><\/h4>\n<h5><b>Cookies propias<\/b><\/h5>\n\n<table id=\"tablepress-1\" class=\"tablepress tablepress-id-1\">\n<thead>\n<tr class=\"row-1\">\n\t<th class=\"column-1\">Tipos de cookie<\/th><th class=\"column-2\">Informaci\u00f3n que recoge<\/th><th class=\"column-3\">Para qu\u00e9 se utiliza<\/th>\n<\/tr>\n<\/thead>\n<tbody class=\"row-striping row-hover\">\n<tr class=\"row-2\">\n\t<td class=\"column-1\">De sesi\u00f3n.<\/td><td class=\"column-2\"><\/td><td class=\"column-3\"><\/td>\n<\/tr>\n<tr class=\"row-3\">\n\t<td class=\"column-1\">T\u00e9cnicas y funcionales.<\/td><td class=\"column-2\"><\/td><td class=\"column-3\"><\/td>\n<\/tr>\n<\/tbody>\n<\/table>\n<!-- #tablepress-1 from cache -->\n<h5><b>Cookies de terceros<\/b><\/h5>\n\n<table id=\"tablepress-5\" class=\"tablepress tablepress-id-5\">\n<thead>\n<tr class=\"row-1\">\n\t<th class=\"column-1\">Tipos de cookie<\/th><th class=\"column-2\">              Informaci\u00f3n que recoge<\/th><th class=\"column-3\">                            Para qu\u00e9 se utiliza<\/th>\n<\/tr>\n<\/thead>\n<tbody class=\"row-striping row-hover\">\n<tr class=\"row-2\">\n\t<td class=\"column-1\">De an\u00e1lisis<\/td><td class=\"column-2\">Tipo de dispositivo, Navegador usado, origen del acceso a la web, actividad de navegaci\u00f3n y t\u00e9rminos de b\u00fasqueda utilizados.<\/td><td class=\"column-3\">Sirven para analizar los h\u00e1bitos de navegaci\u00f3n del usuario, con el objetivo de optimizar las funcionalidades y el mantenimiento t\u00e9cnico y operativo del site y garantizar el mejor servicio posible.<\/td>\n<\/tr>\n<tr class=\"row-3\">\n\t<td class=\"column-1\">Google Analytics<\/td><td class=\"column-2\"><\/td><td class=\"column-3\"><\/td>\n<\/tr>\n<tr class=\"row-4\">\n\t<td class=\"column-1\">Adobe Analyics<\/td><td class=\"column-2\"><\/td><td class=\"column-3\"><\/td>\n<\/tr>\n<tr class=\"row-5\">\n\t<td class=\"column-1\">Scorecard Research<\/td><td class=\"column-2\"><\/td><td class=\"column-3\"><\/td>\n<\/tr>\n<tr class=\"row-6\">\n\t<td class=\"column-1\">Amazon<\/td><td class=\"column-2\"><\/td><td class=\"column-3\"><\/td>\n<\/tr>\n<tr class=\"row-7\">\n\t<td class=\"column-1\">Live Ramp Inc<\/td><td class=\"column-2\"><\/td><td class=\"column-3\"><\/td>\n<\/tr>\n<tr class=\"row-8\">\n\t<td class=\"column-1\">Publicidad<\/td><td class=\"column-2\">Informaci\u00f3n sobre la interacci\u00f3n con el sitio web (servicio solicitado, fecha y hora), tipo de navegador y lenguaje, localizaci\u00f3n geogr\u00e1fica.<\/td><td class=\"column-3\">Ayudan a mejorar y gestionar la exposici\u00f3n del usuario a campa\u00f1as internas, evitando, por ejemplo, que aparezcan promociones sobre productos ya contratados etc.<\/td>\n<\/tr>\n<tr class=\"row-9\">\n\t<td class=\"column-1\">Weborama<\/td><td class=\"column-2\"><\/td><td class=\"column-3\"><\/td>\n<\/tr>\n<tr class=\"row-10\">\n\t<td class=\"column-1\">Google<\/td><td class=\"column-2\"><\/td><td class=\"column-3\"><\/td>\n<\/tr>\n<tr class=\"row-11\">\n\t<td class=\"column-1\">Amazon<\/td><td class=\"column-2\"><\/td><td class=\"column-3\"><\/td>\n<\/tr>\n<tr class=\"row-12\">\n\t<td class=\"column-1\">Publicidad Comportamental<\/td><td class=\"column-2\">Direcci\u00f3n IP, tipo de sistema operativo, tipo de navegador, p\u00e1ginas visitadas.<\/td><td class=\"column-3\">Se utilizan para personalizar las campa\u00f1as internas mostrando contenidos que se ajusten a las preferencias del usuario.<\/td>\n<\/tr>\n<tr class=\"row-13\">\n\t<td class=\"column-1\">Google Analyticis Google\u00a0TribalFusion\u00a0VideologyMedia Innovation GroupRadiumOne\u00a0MediaMath Inc\u00a0Atlas Solutions\u00a0Live Ramp Inc\u00a0PubmaticWeborama\u00a0Appnexus\u00a0Improve Digital\u00a0\u00a0\u00a0The Rubicon Project\u00a0\u00a0Yieldlab\u00a0\u00a0\u00a0Right Media\u00a0\u00a0\u00a0Admeld\u00a0\u00a0Iponweb\u00a0\u00a0\u00a0Admeta\u00a0\u00a0\u00a0Criteo<\/td><td class=\"column-2\"><\/td><td class=\"column-3\"><\/td>\n<\/tr>\n<tr class=\"row-14\">\n\t<td class=\"column-1\"><\/td><td class=\"column-2\"><\/td><td class=\"column-3\"><\/td>\n<\/tr>\n<\/tbody>\n<\/table>\n<!-- #tablepress-5 from cache -->\n<h4><span style=\"font-weight: 400;\">\u00bfC\u00f3mo<\/span><b>\u00a0administrar las cookies en el navegador?<\/b><\/h4>\n<p><span style=\"font-weight: 400;\">Los navegadores m\u00e1s populares tienen opciones de configuraci\u00f3n y funcionalidades de seguridad que te permiten evitar la instalaci\u00f3n de cookies y\/o de otros sistemas de recogida de datos de navegaci\u00f3n en tu dispositivo. Puedes configurar tu navegador para que no acepte las cookies, pero ten en cuenta que ello podr\u00eda bloquear determinadas funcionalidades o limitar el acceso a algunos contenidos de nuestras webs.<\/span><\/p>\n<p><span style=\"font-weight: 400;\">Puedes consultar los pasos para deshabilitar la instalaci\u00f3n de cookies en las secciones de \u00abAyuda\u00bb de las p\u00e1ginas web de cada navegador:<\/span><\/p>\n<ul>\n<li style=\"font-weight: 400;\"><b>Internet Explorer:<\/b><span style=\"font-weight: 400;\">\u00a0Herramientas \u2192 Opciones de Internet \u2192 Privacidad \u2192 Configuraci\u00f3n.<\/span><span style=\"font-weight: 400;\"><br \/>\n<\/span><span style=\"font-weight: 400;\">Para m\u00e1s informaci\u00f3n, puede consultar el soporte de Microsoft\u00a0 (<\/span><a href=\"http:\/\/windows.microsoft.com\/es-ES\/windows\/support#1TC=windows-7\"><span style=\"font-weight: 400;\">http:\/\/windows.microsoft.com\/es-ES\/windows\/support#1TC=windows-7<\/span><\/a><span style=\"font-weight: 400;\">) o la Ayuda del navegador.<\/span><\/li>\n<li style=\"font-weight: 400;\"><b>Firefox:<\/b><span style=\"font-weight: 400;\">\u00a0Herramientas \u2192 Opciones \u2192 Privacidad \u2192 Historial \u2192 Configuraci\u00f3n Personalizada.<\/span><span style=\"font-weight: 400;\"><br \/>\n<\/span><span style=\"font-weight: 400;\">Para m\u00e1s informaci\u00f3n, puede consultar el soporte de Mozilla (<\/span><a href=\"https:\/\/support.mozilla.org\/\"><span style=\"font-weight: 400;\">https:\/\/support.mozilla.org\/<\/span><\/a><span style=\"font-weight: 400;\">) o la Ayuda del navegador.<\/span><\/li>\n<li style=\"font-weight: 400;\"><b>Chrome:<\/b><span style=\"font-weight: 400;\">\u00a0Configuraci\u00f3n \u2192 Mostrar opciones avanzadas \u2192 Privacidad \u2192 Configuraci\u00f3n de contenido.<\/span><span style=\"font-weight: 400;\"><br \/>\n<\/span><span style=\"font-weight: 400;\">Para m\u00e1s informaci\u00f3n, puede consultar el soporte de Google (<\/span><a href=\"https:\/\/support.google.com\/chrome\/?hl=es#topic=3227046\"><span style=\"font-weight: 400;\">https:\/\/support.google.com\/chrome\/?hl=es#topic=3227046<\/span><\/a><span style=\"font-weight: 400;\">) o la Ayuda del navegador.<\/span><\/li>\n<li style=\"font-weight: 400;\"><b>Safari:<\/b><span style=\"font-weight: 400;\">\u00a0Preferencias \u2192 Seguridad.<\/span><span style=\"font-weight: 400;\"><br \/>\n<\/span><span style=\"font-weight: 400;\">Para m\u00e1s informaci\u00f3n, puede consultar el soporte de Apple (<\/span><a href=\"http:\/\/www.apple.com\/support\/mac-apps\/safari\/\"><span style=\"font-weight: 400;\">http:\/\/www.apple.com\/support\/mac-apps\/safari\/<\/span><\/a><span style=\"font-weight: 400;\">)\u00a0 o la Ayuda del navegador.<\/span><\/li>\n<\/ul>\n","protected":false},"excerpt":{"rendered":"<p>Uso\u00a0de cookies En nuestra web utilizamos cookies propias y de empresas colaboradoras para personalizar tu experiencia de usuario y ofrecerte los mejores servicios. Al visitar nuestro sitio web, estar\u00e1s aceptando el uso de las cookies en el presente documento. Estas condiciones pueden cambiar peri\u00f3dicamente, por lo que te invitamos a revisarlas de forma regular. Nota importante: las cookies que catalogamos como\u00a0propias\u00a0son imprescindibles para poder navegar con normalidad por nuestros sites. \u00bfQu\u00e9\u00a0son las cookies? Son peque\u00f1os ficheros de datos que el servidor de Internet env\u00eda al dispositivo con el que te conectas a nuestras webs y que son archivados por \u00e9ste. Se asocian \u00fanicamente a tu navegador y no proporcionan por s\u00ed mismas datos personales. Las cookies no pueden da\u00f1ar tu dispositivo y adem\u00e1s son muy \u00fatiles, ya que nos ayudan a identificar y resolver errores. Si quieres m\u00e1s informaci\u00f3n sobre su funcionamiento, te recomendamos visitar\u00a0http:\/\/www.allaboutcookies.org\/\u00a0y\u00a0www.youronlinechoices.eu. \u00bfPara\u00a0qu\u00e9 usamos las cookies en La Despensa Azul? La Despensa azul usa cookies para: Asegurar que las p\u00e1ginas web funcionan correctamente. Almacenar tus preferencias, tu idioma o el tama\u00f1o de letra que has seleccionado. Analizar tu experiencia de navegaci\u00f3n y mostrarte contenidos personalizados. Recopilar informaci\u00f3n estad\u00edstica an\u00f3nima, como qu\u00e9 p\u00e1ginas has visitado, o cu\u00e1nto tiempo [&hellip;]<\/p>\n","protected":false},"author":1,"featured_media":0,"parent":0,"menu_order":0,"comment_status":"closed","ping_status":"closed","template":"template-full.php","meta":{"footnotes":""},"class_list":["post-861","page","type-page","status-publish","hentry"],"yoast_head":"<!-- This site is optimized with the Yoast SEO plugin v26.3 - https:\/\/yoast.com\/wordpress\/plugins\/seo\/ -->\n<title>POLITICA DE USO DE COOKIES - La Despensa Azul<\/title>\n<meta name=\"robots\" content=\"index, follow, max-snippet:-1, max-image-preview:large, max-video-preview:-1\" \/>\n<link rel=\"canonical\" href=\"https:\/\/www.ladespensaazul.es\/index.php\/politica-uso-cookies\/\" \/>\n<meta property=\"og:locale\" content=\"es_ES\" \/>\n<meta property=\"og:type\" content=\"article\" \/>\n<meta property=\"og:title\" content=\"POLITICA DE USO DE COOKIES - La Despensa Azul\" \/>\n<meta property=\"og:description\" content=\"Uso\u00a0de cookies En nuestra web utilizamos cookies propias y de empresas colaboradoras para personalizar tu experiencia de usuario y ofrecerte los mejores servicios. Al visitar nuestro sitio web, estar\u00e1s aceptando el uso de las cookies en el presente documento. Estas condiciones pueden cambiar peri\u00f3dicamente, por lo que te invitamos a revisarlas de forma regular. Nota importante: las cookies que catalogamos como\u00a0propias\u00a0son imprescindibles para poder navegar con normalidad por nuestros sites. \u00bfQu\u00e9\u00a0son las cookies? Son peque\u00f1os ficheros de datos que el servidor de Internet env\u00eda al dispositivo con el que te conectas a nuestras webs y que son archivados por \u00e9ste. Se asocian \u00fanicamente a tu navegador y no proporcionan por s\u00ed mismas datos personales. Las cookies no pueden da\u00f1ar tu dispositivo y adem\u00e1s son muy \u00fatiles, ya que nos ayudan a identificar y resolver errores. Si quieres m\u00e1s informaci\u00f3n sobre su funcionamiento, te recomendamos visitar\u00a0http:\/\/www.allaboutcookies.org\/\u00a0y\u00a0www.youronlinechoices.eu. \u00bfPara\u00a0qu\u00e9 usamos las cookies en La Despensa Azul? La Despensa azul usa cookies para: Asegurar que las p\u00e1ginas web funcionan correctamente. Almacenar tus preferencias, tu idioma o el tama\u00f1o de letra que has seleccionado. Analizar tu experiencia de navegaci\u00f3n y mostrarte contenidos personalizados. Recopilar informaci\u00f3n estad\u00edstica an\u00f3nima, como qu\u00e9 p\u00e1ginas has visitado, o cu\u00e1nto tiempo [&hellip;]\" \/>\n<meta property=\"og:url\" content=\"https:\/\/www.ladespensaazul.es\/index.php\/politica-uso-cookies\/\" \/>\n<meta property=\"og:site_name\" content=\"La Despensa Azul\" \/>\n<meta name=\"twitter:card\" content=\"summary_large_image\" \/>\n<meta name=\"twitter:label1\" content=\"Tiempo de lectura\" \/>\n\t<meta name=\"twitter:data1\" content=\"2 minutos\" \/>\n<script type=\"application\/ld+json\" class=\"yoast-schema-graph\">{\"@context\":\"https:\/\/schema.org\",\"@graph\":[{\"@type\":\"WebPage\",\"@id\":\"https:\/\/www.ladespensaazul.es\/index.php\/politica-uso-cookies\/\",\"url\":\"https:\/\/www.ladespensaazul.es\/index.php\/politica-uso-cookies\/\",\"name\":\"POLITICA DE USO DE COOKIES - La Despensa Azul\",\"isPartOf\":{\"@id\":\"https:\/\/www.ladespensaazul.es\/#website\"},\"datePublished\":\"2018-01-07T13:26:12+00:00\",\"breadcrumb\":{\"@id\":\"https:\/\/www.ladespensaazul.es\/index.php\/politica-uso-cookies\/#breadcrumb\"},\"inLanguage\":\"es\",\"potentialAction\":[{\"@type\":\"ReadAction\",\"target\":[\"https:\/\/www.ladespensaazul.es\/index.php\/politica-uso-cookies\/\"]}]},{\"@type\":\"BreadcrumbList\",\"@id\":\"https:\/\/www.ladespensaazul.es\/index.php\/politica-uso-cookies\/#breadcrumb\",\"itemListElement\":[{\"@type\":\"ListItem\",\"position\":1,\"name\":\"Portada\",\"item\":\"https:\/\/www.ladespensaazul.es\/\"},{\"@type\":\"ListItem\",\"position\":2,\"name\":\"POLITICA DE USO DE COOKIES\"}]},{\"@type\":\"WebSite\",\"@id\":\"https:\/\/www.ladespensaazul.es\/#website\",\"url\":\"https:\/\/www.ladespensaazul.es\/\",\"name\":\"La Despensa Azul\",\"description\":\"Creado por Bea Mart\u00edn. En este blog podr\u00e9is encontrar recetas dulces y saladas, t\u00e9cnicas, consejos, recomendaciones de restaurantes y mucho m\u00e1s!\",\"potentialAction\":[{\"@type\":\"SearchAction\",\"target\":{\"@type\":\"EntryPoint\",\"urlTemplate\":\"https:\/\/www.ladespensaazul.es\/?s={search_term_string}\"},\"query-input\":{\"@type\":\"PropertyValueSpecification\",\"valueRequired\":true,\"valueName\":\"search_term_string\"}}],\"inLanguage\":\"es\"}]}<\/script>\n<!-- \/ Yoast SEO plugin. -->","yoast_head_json":{"title":"POLITICA DE USO DE COOKIES - La Despensa Azul","robots":{"index":"index","follow":"follow","max-snippet":"max-snippet:-1","max-image-preview":"max-image-preview:large","max-video-preview":"max-video-preview:-1"},"canonical":"https:\/\/www.ladespensaazul.es\/index.php\/politica-uso-cookies\/","og_locale":"es_ES","og_type":"article","og_title":"POLITICA DE USO DE COOKIES - La Despensa Azul","og_description":"Uso\u00a0de cookies En nuestra web utilizamos cookies propias y de empresas colaboradoras para personalizar tu experiencia de usuario y ofrecerte los mejores servicios. Al visitar nuestro sitio web, estar\u00e1s aceptando el uso de las cookies en el presente documento. Estas condiciones pueden cambiar peri\u00f3dicamente, por lo que te invitamos a revisarlas de forma regular. Nota importante: las cookies que catalogamos como\u00a0propias\u00a0son imprescindibles para poder navegar con normalidad por nuestros sites. \u00bfQu\u00e9\u00a0son las cookies? Son peque\u00f1os ficheros de datos que el servidor de Internet env\u00eda al dispositivo con el que te conectas a nuestras webs y que son archivados por \u00e9ste. Se asocian \u00fanicamente a tu navegador y no proporcionan por s\u00ed mismas datos personales. Las cookies no pueden da\u00f1ar tu dispositivo y adem\u00e1s son muy \u00fatiles, ya que nos ayudan a identificar y resolver errores. Si quieres m\u00e1s informaci\u00f3n sobre su funcionamiento, te recomendamos visitar\u00a0http:\/\/www.allaboutcookies.org\/\u00a0y\u00a0www.youronlinechoices.eu. \u00bfPara\u00a0qu\u00e9 usamos las cookies en La Despensa Azul? La Despensa azul usa cookies para: Asegurar que las p\u00e1ginas web funcionan correctamente. Almacenar tus preferencias, tu idioma o el tama\u00f1o de letra que has seleccionado. Analizar tu experiencia de navegaci\u00f3n y mostrarte contenidos personalizados. Recopilar informaci\u00f3n estad\u00edstica an\u00f3nima, como qu\u00e9 p\u00e1ginas has visitado, o cu\u00e1nto tiempo [&hellip;]","og_url":"https:\/\/www.ladespensaazul.es\/index.php\/politica-uso-cookies\/","og_site_name":"La Despensa Azul","twitter_card":"summary_large_image","twitter_misc":{"Tiempo de lectura":"2 minutos"},"schema":{"@context":"https:\/\/schema.org","@graph":[{"@type":"WebPage","@id":"https:\/\/www.ladespensaazul.es\/index.php\/politica-uso-cookies\/","url":"https:\/\/www.ladespensaazul.es\/index.php\/politica-uso-cookies\/","name":"POLITICA DE USO DE COOKIES - La Despensa Azul","isPartOf":{"@id":"https:\/\/www.ladespensaazul.es\/#website"},"datePublished":"2018-01-07T13:26:12+00:00","breadcrumb":{"@id":"https:\/\/www.ladespensaazul.es\/index.php\/politica-uso-cookies\/#breadcrumb"},"inLanguage":"es","potentialAction":[{"@type":"ReadAction","target":["https:\/\/www.ladespensaazul.es\/index.php\/politica-uso-cookies\/"]}]},{"@type":"BreadcrumbList","@id":"https:\/\/www.ladespensaazul.es\/index.php\/politica-uso-cookies\/#breadcrumb","itemListElement":[{"@type":"ListItem","position":1,"name":"Portada","item":"https:\/\/www.ladespensaazul.es\/"},{"@type":"ListItem","position":2,"name":"POLITICA DE USO DE COOKIES"}]},{"@type":"WebSite","@id":"https:\/\/www.ladespensaazul.es\/#website","url":"https:\/\/www.ladespensaazul.es\/","name":"La Despensa Azul","description":"Creado por Bea Mart\u00edn. En este blog podr\u00e9is encontrar recetas dulces y saladas, t\u00e9cnicas, consejos, recomendaciones de restaurantes y mucho m\u00e1s!","potentialAction":[{"@type":"SearchAction","target":{"@type":"EntryPoint","urlTemplate":"https:\/\/www.ladespensaazul.es\/?s={search_term_string}"},"query-input":{"@type":"PropertyValueSpecification","valueRequired":true,"valueName":"search_term_string"}}],"inLanguage":"es"}]}},"_links":{"self":[{"href":"https:\/\/www.ladespensaazul.es\/index.php\/wp-json\/wp\/v2\/pages\/861","targetHints":{"allow":["GET"]}}],"collection":[{"href":"https:\/\/www.ladespensaazul.es\/index.php\/wp-json\/wp\/v2\/pages"}],"about":[{"href":"https:\/\/www.ladespensaazul.es\/index.php\/wp-json\/wp\/v2\/types\/page"}],"author":[{"embeddable":true,"href":"https:\/\/www.ladespensaazul.es\/index.php\/wp-json\/wp\/v2\/users\/1"}],"replies":[{"embeddable":true,"href":"https:\/\/www.ladespensaazul.es\/index.php\/wp-json\/wp\/v2\/comments?post=861"}],"version-history":[{"count":13,"href":"https:\/\/www.ladespensaazul.es\/index.php\/wp-json\/wp\/v2\/pages\/861\/revisions"}],"predecessor-version":[{"id":880,"href":"https:\/\/www.ladespensaazul.es\/index.php\/wp-json\/wp\/v2\/pages\/861\/revisions\/880"}],"wp:attachment":[{"href":"https:\/\/www.ladespensaazul.es\/index.php\/wp-json\/wp\/v2\/media?parent=861"}],"curies":[{"name":"wp","href":"https:\/\/api.w.org\/{rel}","templated":true}]}}